{"id":75,"date":"2017-09-05T10:52:51","date_gmt":"2017-09-05T08:52:51","guid":{"rendered":"http:\/\/www.yauvana.yoga\/?page_id=75"},"modified":"2025-12-22T09:15:45","modified_gmt":"2025-12-22T08:15:45","slug":"about","status":"publish","type":"page","link":"https:\/\/www.yauvana.yoga\/es\/about\/","title":{"rendered":"Sobre Yauvana"},"content":{"rendered":"<p align=\"justify\">Yauvana Yoga Studio es una iniciativa que nace con el objetivo de empoderar a las personas para que sean m\u00e1s conscientes de su cuerpo f\u00edsico, mental y emocional.<\/p>\n<p align=\"justify\">Comenc\u00e9 a interesarme por el mundo del desarrollo humano orientada hacia las organizaciones, lo que me llev\u00f3 a graduarme en recursos humanos, certificarme en adaptaci\u00f3n pedag\u00f3gica, protocolo &amp; empresa, prevenci\u00f3n de riesgos laborales, especializaci\u00f3n de postgrado en orientaci\u00f3n ocupacional y formadora de formadores.<\/p>\n<p align=\"justify\"><span class=\"Y2IQFc\" lang=\"gl\">En 2014, el Hatha Yoga Integral me abri\u00f3 las puertas a este maravilloso mundo del movimiento consciente y de la educaci\u00f3n hol\u00edstica. Posteriormente, pas\u00e9 cinco a\u00f1os enamorada del yoga Iyengar con una pr\u00e1ctica disciplinada y participando en varios talleres intensivos en Le\u00f3n y Barcelona.<\/span><\/p>\n<p align=\"justify\"><span class=\"Y2IQFc\" lang=\"gl\"> A estas bases se fueron sumando otras formaciones: yoga para la infancia, yoga adolescentes, yoga terap\u00e9utico, yoga nidra, movimiento som\u00e1tico con esferas, educaci\u00f3n visual, educaci\u00f3n emocional, cadenas musculares, suelo p\u00e9lvico y embarazo, gimnasia hipopresiva, terapia de sonido, aromaterapia, kriyas, instructora de meditaci\u00f3n y atenci\u00f3n plena, certificaci\u00f3n profesional de instrucci\u00f3n en yoga cl\u00e1sico&#8230; Y contin\u00fao siendo alumna y aprendiz&#8230;<\/span><\/p>\n<p align=\"justify\"><span class=\"Y2IQFc\" lang=\"gl\">\u00a0Para mi, la<\/span><span class=\"Y2IQFc\" lang=\"gl\"> pr\u00e1ctica del yoga &#8211; con conocimiento &#8211; es como abrir las ventanas de tu propia casa para dejar entrar aire fresco y que la luz del sol ilumine tu interior. La magia est\u00e1 en ti.<\/span><\/p>\n<p align=\"center\"><strong>\u201c<\/strong><strong>Caminante no hay camino, se hace camino al andar\u201d<\/strong><\/p>\n<p align=\"center\"><strong>\u00a0 \u00a0 \u00a0 \u00a0 \u00a0 \u00a0 \u00a0 \u00a0 \u00a0 \u00a0 \u00a0 \u00a0 \u00a0 \u00a0 \u00a0 \u00a0 \u00a0 \u00a0 \u00a0 \u00a0 \u00a0 \u00a0 \u00a0 \u00a0 \u00a0 \u00a0 \u00a0 \u00a0 \u00a0 \u00a0 \u00a0 \u00a0 \u00a0 \u00a0 \u00a0 \u00a0 \u00a0 \u00a0 \u00a0 \u00a0 \u00a0 \u00a0 \u00a0 \u00a0 \u00a0 \u00a0 \u00a0 \u00a0 Antonio Mac<\/strong><strong>hado<\/strong><\/p>\n<p style=\"text-align: right;\"><!--more--><\/p>\n<p>\u00a0<\/p>\n","protected":false},"excerpt":{"rendered":"<p>Yauvana Yoga Studio es una iniciativa que nace con el objetivo de empoderar a las personas para que sean m\u00e1s conscientes de su cuerpo f\u00edsico, mental y emocional. Comenc\u00e9 a interesarme por el mundo del desarrollo humano orientada hacia las organizaciones, lo que me llev\u00f3 a graduarme en recursos humanos, certificarme en adaptaci\u00f3n pedag\u00f3gica, protocolo &hellip; <\/p>\n<p class=\"link-more\"><a href=\"https:\/\/www.yauvana.yoga\/es\/about\/\" class=\"more-link\">Continuar leyendo<span class=\"screen-reader-text\"> \u00abSobre Yauvana\u00bb<\/span><\/a><\/p>\n","protected":false},"author":1,"featured_media":0,"parent":0,"menu_order":0,"comment_status":"closed","ping_status":"closed","template":"","meta":{"footnotes":""},"translation":{"provider":"WPGlobus","version":"3.0.2","language":"es","enabled_languages":["gl","es","gb"],"languages":{"gl":{"title":true,"content":true,"excerpt":false},"es":{"title":true,"content":true,"excerpt":false},"gb":{"title":true,"content":true,"excerpt":false}}},"yoast_head":"<!-- This site is optimized with the Yoast SEO plugin v22.6 - https:\/\/yoast.com\/wordpress\/plugins\/seo\/ -->\n<title>Sobre Yauvana - Yauvana Yoga Studio<\/title>\n<meta name=\"robots\" content=\"index, follow, max-snippet:-1, max-image-preview:large, max-video-preview:-1\" \/>\n<link rel=\"canonical\" href=\"https:\/\/www.yauvana.yoga\/about\/\" \/>\n<meta property=\"og:locale\" content=\"es_ES\" \/>\n<meta property=\"og:type\" content=\"article\" \/>\n<meta property=\"og:title\" content=\"Sobre Yauvana - Yauvana Yoga Studio\" \/>\n<meta property=\"og:url\" content=\"https:\/\/www.yauvana.yoga\/about\/\" \/>\n<meta property=\"og:site_name\" content=\"Yauvana Yoga Studio\" \/>\n<meta property=\"article:modified_time\" content=\"2025-12-22T08:15:45+00:00\" \/>\n<meta name=\"twitter:card\" content=\"summary_large_image\" \/>\n<meta name=\"twitter:label1\" content=\"Tiempo de lectura\" \/>\n\t<meta name=\"twitter:data1\" content=\"3 minutos\" \/>\n<script type=\"application\/ld+json\" class=\"yoast-schema-graph\">{\"@context\":\"https:\/\/schema.org\",\"@graph\":[{\"@type\":\"WebPage\",\"@id\":\"https:\/\/www.yauvana.yoga\/about\/\",\"url\":\"https:\/\/www.yauvana.yoga\/about\/\",\"name\":\"Sobre Yauvana - Yauvana Yoga Studio\",\"isPartOf\":{\"@id\":\"https:\/\/www.yauvana.yoga\/#website\"},\"datePublished\":\"2017-09-05T08:52:51+00:00\",\"dateModified\":\"2025-12-22T08:15:45+00:00\",\"breadcrumb\":{\"@id\":\"https:\/\/www.yauvana.yoga\/about\/#breadcrumb\"},\"inLanguage\":\"es\",\"potentialAction\":[{\"@type\":\"ReadAction\",\"target\":[\"https:\/\/www.yauvana.yoga\/about\/\"]}]},{\"@type\":\"BreadcrumbList\",\"@id\":\"https:\/\/www.yauvana.yoga\/about\/#breadcrumb\",\"itemListElement\":[{\"@type\":\"ListItem\",\"position\":1,\"name\":\"Portada\",\"item\":\"https:\/\/www.yauvana.yoga\/\"},{\"@type\":\"ListItem\",\"position\":2,\"name\":\"Sobre Yauvana\"}]},{\"@type\":\"WebSite\",\"@id\":\"https:\/\/www.yauvana.yoga\/#website\",\"url\":\"https:\/\/www.yauvana.yoga\/\",\"name\":\"Yauvana Yoga Studio\",\"description\":\"\",\"potentialAction\":[{\"@type\":\"SearchAction\",\"target\":{\"@type\":\"EntryPoint\",\"urlTemplate\":\"https:\/\/www.yauvana.yoga\/?s={search_term_string}\"},\"query-input\":\"required name=search_term_string\"}],\"inLanguage\":\"es\"}]}<\/script>\n<!-- \/ Yoast SEO plugin. -->","yoast_head_json":{"title":"Sobre Yauvana - Yauvana Yoga Studio","robots":{"index":"index","follow":"follow","max-snippet":"max-snippet:-1","max-image-preview":"max-image-preview:large","max-video-preview":"max-video-preview:-1"},"canonical":"https:\/\/www.yauvana.yoga\/about\/","og_locale":"es_ES","og_type":"article","og_title":"Sobre Yauvana - Yauvana Yoga Studio","og_url":"https:\/\/www.yauvana.yoga\/about\/","og_site_name":"Yauvana Yoga Studio","article_modified_time":"2025-12-22T08:15:45+00:00","twitter_card":"summary_large_image","twitter_misc":{"Tiempo de lectura":"3 minutos"},"schema":{"@context":"https:\/\/schema.org","@graph":[{"@type":"WebPage","@id":"https:\/\/www.yauvana.yoga\/about\/","url":"https:\/\/www.yauvana.yoga\/about\/","name":"Sobre Yauvana - Yauvana Yoga Studio","isPartOf":{"@id":"https:\/\/www.yauvana.yoga\/#website"},"datePublished":"2017-09-05T08:52:51+00:00","dateModified":"2025-12-22T08:15:45+00:00","breadcrumb":{"@id":"https:\/\/www.yauvana.yoga\/about\/#breadcrumb"},"inLanguage":"es","potentialAction":[{"@type":"ReadAction","target":["https:\/\/www.yauvana.yoga\/about\/"]}]},{"@type":"BreadcrumbList","@id":"https:\/\/www.yauvana.yoga\/about\/#breadcrumb","itemListElement":[{"@type":"ListItem","position":1,"name":"Portada","item":"https:\/\/www.yauvana.yoga\/"},{"@type":"ListItem","position":2,"name":"Sobre Yauvana"}]},{"@type":"WebSite","@id":"https:\/\/www.yauvana.yoga\/#website","url":"https:\/\/www.yauvana.yoga\/","name":"Yauvana Yoga Studio","description":"","potentialAction":[{"@type":"SearchAction","target":{"@type":"EntryPoint","urlTemplate":"https:\/\/www.yauvana.yoga\/?s={search_term_string}"},"query-input":"required name=search_term_string"}],"inLanguage":"es"}]}},"_links":{"self":[{"href":"https:\/\/www.yauvana.yoga\/es\/wp-json\/wp\/v2\/pages\/75"}],"collection":[{"href":"https:\/\/www.yauvana.yoga\/es\/wp-json\/wp\/v2\/pages"}],"about":[{"href":"https:\/\/www.yauvana.yoga\/es\/wp-json\/wp\/v2\/types\/page"}],"author":[{"embeddable":true,"href":"https:\/\/www.yauvana.yoga\/es\/wp-json\/wp\/v2\/users\/1"}],"replies":[{"embeddable":true,"href":"https:\/\/www.yauvana.yoga\/es\/wp-json\/wp\/v2\/comments?post=75"}],"version-history":[{"count":205,"href":"https:\/\/www.yauvana.yoga\/es\/wp-json\/wp\/v2\/pages\/75\/revisions"}],"predecessor-version":[{"id":926,"href":"https:\/\/www.yauvana.yoga\/es\/wp-json\/wp\/v2\/pages\/75\/revisions\/926"}],"wp:attachment":[{"href":"https:\/\/www.yauvana.yoga\/es\/wp-json\/wp\/v2\/media?parent=75"}],"curies":[{"name":"wp","href":"https:\/\/api.w.org\/{rel}","templated":true}]}}